{"id":104,"date":"2019-03-21T20:06:39","date_gmt":"2019-03-21T20:06:39","guid":{"rendered":"https:\/\/lobo-lan-party.cz\/?page_id=104"},"modified":"2019-05-31T09:13:00","modified_gmt":"2019-05-31T09:13:00","slug":"lobo-stream-party","status":"publish","type":"page","link":"https:\/\/lobo-lan-party.cz\/index.php\/lobo-stream-party\/","title":{"rendered":"Lobo Stream Party"},"content":{"rendered":"<p>Skupin\u011b zam\u011b\u0159uj\u00edc\u00ed se na vz\u00e1jemnou podporu mezi CZ\/SK streamery, youtubery apod. Skupina je \u00fazce propojena se skupinou zam\u011b\u0159enou na po\u0159\u00e1d\u00e1n\u00ed Lanp\u00e1rty a dal\u0161\u00edch hern\u00edch akc\u00ed \u2013 Lobo Lan Party. Takt\u00e9\u017e n\u00e1m ve skupin\u011b prob\u00edh\u00e1 partnersk\u00fd program, zaru\u010duj\u00edc\u00ed ur\u010dit\u00e9 v\u00fdhody.<\/p>\n<p>V\u00fdhody pro partnersk\u00e9 streamery:<br \/>\nVz\u00e1jmen\u00e9 automatick\u00e9 hostov\u00e1n\u00ed a sd\u00edlen\u00ed<br \/>\nKl\u00ed\u010de na hry do sout\u011b\u017e\u00ed\/na hran\u00ed na streamu<br \/>\nTechnick\u00e1 podpora<br \/>\nV p\u0159\u00edpad\u011b z\u00e1jmu grafika pro kan\u00e1l<br \/>\nMo\u017enost \u00fa\u010dasti na akc\u00edch Lobo Lan Party<\/p>\n<a class=\"maxbutton-1 maxbutton maxbutton-lobostream\" title=\"Click on me!\" href=\"https:\/\/www.facebook.com\/groups\/LoboStream\/\"><span class='mb-text'>Facebook LoboStream<\/span><\/a>\n","protected":false},"excerpt":{"rendered":"<p>Skupin\u011b zam\u011b\u0159uj\u00edc\u00ed se na vz\u00e1jemnou podporu mezi CZ\/SK streamery, youtubery apod. Skupina je \u00fazce propojena se skupinou zam\u011b\u0159enou na po\u0159\u00e1d\u00e1n\u00ed Lanp\u00e1rty a dal\u0161\u00edch hern\u00edch akc\u00ed \u2013 Lobo Lan Party. Takt\u00e9\u017e n\u00e1m ve skupin\u011b prob\u00edh\u00e1 partnersk\u00fd program, zaru\u010duj\u00edc\u00ed ur\u010dit\u00e9 v\u00fdhody. V\u00fdhody pro partnersk\u00e9 streamery: Vz\u00e1jmen\u00e9 automatick\u00e9 hostov\u00e1n\u00ed a sd\u00edlen\u00ed Kl\u00ed\u010de na hry do sout\u011b\u017e\u00ed\/na hran\u00ed na&hellip; <br \/> <a class=\"read-more\" href=\"https:\/\/lobo-lan-party.cz\/index.php\/lobo-stream-party\/\">Read more<\/a><\/p>\n","protected":false},"author":1,"featured_media":0,"parent":0,"menu_order":0,"comment_status":"closed","ping_status":"closed","template":"","meta":{"ngg_post_thumbnail":0,"footnotes":""},"class_list":["post-104","page","type-page","status-publish","hentry"],"_links":{"self":[{"href":"https:\/\/lobo-lan-party.cz\/index.php\/wp-json\/wp\/v2\/pages\/104"}],"collection":[{"href":"https:\/\/lobo-lan-party.cz\/index.php\/wp-json\/wp\/v2\/pages"}],"about":[{"href":"https:\/\/lobo-lan-party.cz\/index.php\/wp-json\/wp\/v2\/types\/page"}],"author":[{"embeddable":true,"href":"https:\/\/lobo-lan-party.cz\/index.php\/wp-json\/wp\/v2\/users\/1"}],"replies":[{"embeddable":true,"href":"https:\/\/lobo-lan-party.cz\/index.php\/wp-json\/wp\/v2\/comments?post=104"}],"version-history":[{"count":6,"href":"https:\/\/lobo-lan-party.cz\/index.php\/wp-json\/wp\/v2\/pages\/104\/revisions"}],"predecessor-version":[{"id":217,"href":"https:\/\/lobo-lan-party.cz\/index.php\/wp-json\/wp\/v2\/pages\/104\/revisions\/217"}],"wp:attachment":[{"href":"https:\/\/lobo-lan-party.cz\/index.php\/wp-json\/wp\/v2\/media?parent=104"}],"curies":[{"name":"wp","href":"https:\/\/api.w.org\/{rel}","templated":true}]}}