{"id":9,"date":"2019-03-07T10:31:43","date_gmt":"2019-03-07T10:31:43","guid":{"rendered":"https:\/\/lobo-lan-party.cz\/?page_id=9"},"modified":"2019-03-08T11:04:22","modified_gmt":"2019-03-08T11:04:22","slug":"o-nas","status":"publish","type":"page","link":"https:\/\/lobo-lan-party.cz\/index.php\/o-nas\/","title":{"rendered":"O n\u00e1s"},"content":{"rendered":"<p><span class=\"_4yxo\">V\u00edtej <\/span>v jedn\u00e9 z nejv\u011bt\u0161\u00edch \u010cesko\/slovensk\u00fdch skupin zam\u011b\u0159uj\u00edci se na po\u0159\u00e1d\u00e1n\u00ed <span class=\"_4yxo\">lan\/online<\/span> a nov\u011b i <span class=\"_4yxo\">Vr <\/span>a jin\u00fdch pa\u0159ansk\u00fdch akc\u00ed a samoz\u0159ejm\u011b na pokec, zahr\u00e1n\u00ed a p\u0159ed\u00e1n\u00ed zku\u0161enost\u00ed mezi hr\u00e1\u010di. Str\u00e1nka je p\u0159ev\u00e1\u017en\u011b ur\u010dena pro \u010cesk\u00e9 a Slovensk\u00e9 hr\u00e1\u010de ve virtu\u00e1lni zbroji a to jak z \u0159ad Pc tak i hern\u00edch konzol\u00ed.<\/p>\n","protected":false},"excerpt":{"rendered":"<p>V\u00edtej v jedn\u00e9 z nejv\u011bt\u0161\u00edch \u010cesko\/slovensk\u00fdch skupin zam\u011b\u0159uj\u00edci se na po\u0159\u00e1d\u00e1n\u00ed lan\/online a nov\u011b i Vr a jin\u00fdch pa\u0159ansk\u00fdch akc\u00ed a samoz\u0159ejm\u011b na pokec, zahr\u00e1n\u00ed a p\u0159ed\u00e1n\u00ed zku\u0161enost\u00ed mezi hr\u00e1\u010di. Str\u00e1nka je p\u0159ev\u00e1\u017en\u011b ur\u010dena pro \u010cesk\u00e9 a Slovensk\u00e9 hr\u00e1\u010de ve virtu\u00e1lni zbroji a to jak z \u0159ad Pc tak i hern\u00edch konzol\u00ed.<\/p>\n","protected":false},"author":1,"featured_media":47,"parent":0,"menu_order":0,"comment_status":"closed","ping_status":"closed","template":"","meta":{"ngg_post_thumbnail":0,"footnotes":""},"class_list":["post-9","page","type-page","status-publish","has-post-thumbnail","hentry"],"_links":{"self":[{"href":"https:\/\/lobo-lan-party.cz\/index.php\/wp-json\/wp\/v2\/pages\/9"}],"collection":[{"href":"https:\/\/lobo-lan-party.cz\/index.php\/wp-json\/wp\/v2\/pages"}],"about":[{"href":"https:\/\/lobo-lan-party.cz\/index.php\/wp-json\/wp\/v2\/types\/page"}],"author":[{"embeddable":true,"href":"https:\/\/lobo-lan-party.cz\/index.php\/wp-json\/wp\/v2\/users\/1"}],"replies":[{"embeddable":true,"href":"https:\/\/lobo-lan-party.cz\/index.php\/wp-json\/wp\/v2\/comments?post=9"}],"version-history":[{"count":3,"href":"https:\/\/lobo-lan-party.cz\/index.php\/wp-json\/wp\/v2\/pages\/9\/revisions"}],"predecessor-version":[{"id":51,"href":"https:\/\/lobo-lan-party.cz\/index.php\/wp-json\/wp\/v2\/pages\/9\/revisions\/51"}],"wp:featuredmedia":[{"embeddable":true,"href":"https:\/\/lobo-lan-party.cz\/index.php\/wp-json\/wp\/v2\/media\/47"}],"wp:attachment":[{"href":"https:\/\/lobo-lan-party.cz\/index.php\/wp-json\/wp\/v2\/media?parent=9"}],"curies":[{"name":"wp","href":"https:\/\/api.w.org\/{rel}","templated":true}]}}